{"id":52,"date":"2023-06-19T08:59:08","date_gmt":"2023-06-19T08:59:08","guid":{"rendered":"http:\/\/trucos.com\/?page_id=52"},"modified":"2023-06-19T08:59:08","modified_gmt":"2023-06-19T08:59:08","slug":"condicions-generals-dus","status":"publish","type":"page","link":"https:\/\/trucos.com\/ca\/condicions-generals-dus\/","title":{"rendered":"CONDICIONS GENERALS D&#039;\u00daS"},"content":{"rendered":"<p><strong>DADES IDENTIFICATIVES:<\/strong>&nbsp;En compliment amb el deure informaci\u00f3 recollit a l&#039;article 10 de la Llei 34\/2002, d&#039;11 de juliol, de Serveis de la Societat de la Informaci\u00f3 i de Comer\u00e7 Electr\u00f2nic, a continuaci\u00f3 es reflecteixen les dades seg\u00fcents: L&#039;empresa titular de trucs. com (d&#039;ara endavant, el Site) \u00e9s Comaviera Supplies SL, amb domicili al C\/La Paloma 21-23, 5\u00e8, 1a, 08001 Barcelona, amb n\u00famero de CIF: B-64759350, inscrita al Registre Mercantil de Barcelona al tom 40.550, foli 153, full B-367027 (d&#039;ara endavant, COMAVIERA SUPPLIES).<\/p>\n\n\n\n<p>Formulari de contacte<\/p>\n\n\n\n<p><strong>USUARIS:<\/strong>&nbsp;L&#039;acc\u00e9s i\/o \u00fas dels portals de COMAVIERA SUPPLIES atribueix la condici\u00f3 d&#039;USUARI, que accepta, des d&#039;aquest acc\u00e9s i\/o \u00fas, les Condicions Generals d&#039;\u00das reflectides aqu\u00ed. Les condicions esmentades s\u00f3n aplicables independentment de les condicions generals de contractaci\u00f3 que, si s&#039;escau, resultin de compliment obligat.<\/p>\n\n\n\n<p><strong>\u00daS DEL PORTAL:<\/strong>&nbsp;el Site de COMAVIERA SUPPLIES proporciona l&#039;acc\u00e9s a multitud d&#039;informacions, serveis, programes o dades (d&#039;ara endavant, \u201cels continguts\u201d) a Internet pertanyents a COMAVIERA SUPPLIES o als seus llicenciants, als quals l&#039;USUARI hi pot tenir acc\u00e9s. L&#039;USUARI assumeix la responsabilitat de l&#039;\u00fas del Site. Aquesta responsabilitat s&#039;est\u00e9n al registre necessari per accedir a determinats serveis o continguts. En aquest registre, l&#039;USUARI ser\u00e0 responsable d&#039;aportar informaci\u00f3 vera\u00e7 i l\u00edcita. Com a conseq\u00fc\u00e8ncia d&#039;aquest registre, a l&#039;USUARI se li pot proporcionar una contrasenya de la qual ser\u00e0 responsable, comprometent-se a fer-ne un \u00fas diligent i confidencial. L&#039;USUARI es compromet a fer un \u00fas adequat dels continguts i serveis (com ara serveis de xat, f\u00f2rums de discussi\u00f3 o grups de not\u00edcies) que COMAVIERA SUPPLIES ofereix a trav\u00e9s del seu Site i amb car\u00e0cter enunciatiu per\u00f2 no limitatiu, a no emprar-los per a (i) inc\u00f3rrer en activitats il\u00b7l\u00edcites, il\u00b7legals o contr\u00e0ries a la bona fe ia l&#039;ordre p\u00fablic; (ii) difondre continguts o propaganda de car\u00e0cter racista, xen\u00f2fob, pornogr\u00e0fic-il\u00b7legal, d&#039;apologia del terrorisme o atemptatori contra els drets humans; (iii) provocar danys en els sistemes f\u00edsics i l\u00f2gics de COMAVIERA SUPPLIES, dels seus prove\u00efdors o de terceres persones, introduir o difondre a la xarxa virus inform\u00e0tics o qualssevol altres sistemes f\u00edsics o l\u00f2gics que siguin susceptibles de provocar els danys anteriorment esmentats; (iv) intentar accedir i, si escau, utilitzar els comptes de correu electr\u00f2nic d&#039;altres usuaris i modificar-ne o manipular-ne els missatges. COMAVIERA SUPPLIES es reserva el dret de retirar tots aquells comentaris i aportacions que vulnerin el respecte a la dignitat de la persona, que siguin discriminatoris, xen\u00f2fobs, racistes, pornogr\u00e0fics, que atemptin contra la joventut o la inf\u00e0ncia, l&#039;ordre o la seguretat p\u00fablica o que, a parer seu, no resultessin adequats per a la seva publicaci\u00f3. En qualsevol cas, COMAVIERA SUPPLIES no ser\u00e0 responsable de les opinions abocades pels usuaris a trav\u00e9s dels f\u00f2rums, xats o altres eines de participaci\u00f3.<\/p>\n\n\n\n<p><strong>PROTECCI\u00d3 DE DADES:<\/strong>&nbsp;COMAVIERA SUPPLIES compleix les directrius de la Llei Org\u00e0nica 15\/1999 de 13 de desembre de Protecci\u00f3 de Dades de Car\u00e0cter Personal, el Reial Decret 1720\/2007 de 21 de desembre pel qual s&#039;aprova el Reglament de desplegament de la Llei Org\u00e0nica i altres normativa vigent a cada moment, i vetlla per garantir un correcte \u00fas i tractament de les dades personals de l&#039;usuari. Per aix\u00f2, juntament amb cada formulari de recollida de dades de car\u00e0cter personal, en els serveis que l&#039;USUARI pugui sol\u00b7licitar a COMAVIERA SUPPLIES, far\u00e0 saber a l&#039;USUARI de l&#039;exist\u00e8ncia i l&#039;acceptaci\u00f3 de les condicions particulars del tractament de les seves dades en cada cas, informant-lo de la responsabilitat del fitxer creat, la direcci\u00f3 del responsable, la possibilitat dexercir els seus drets dacc\u00e9s, rectificaci\u00f3, cancel\u00b7laci\u00f3 o oposici\u00f3, la finalitat del tractament i les comunicacions de dades a tercers si \u00e9s el cas. Aix\u00ed mateix, COMAVIERA SUPPLIES informa que d\u00f3na compliment a la Llei 34\/2002 d&#039;11 de juliol, de Serveis de la Societat de la Informaci\u00f3 i el Comer\u00e7 Electr\u00f2nic i us sol\u00b7licitar\u00e0 el vostre consentiment al tractament del vostre correu electr\u00f2nic amb fins comercials en cada moment.<\/p>\n\n\n\n<p><strong>POL\u00cdTICA DE PRIVACITAT<\/strong><\/p>\n\n\n\n<p><strong>PROPIETAT INTEL\u00b7LECTUAL I INDUSTRIAL:<\/strong>&nbsp;COMAVIERA SUPPLIES per si o com a cession\u00e0ria, \u00e9s propiet\u00e0ria de tots els drets de propietat intel\u00b7lectual i industrial de les seves p\u00e0gines webs, aix\u00ed com dels elements continguts en elles (a t\u00edtol enunciatiu, imatges, so, \u00e0udio, v\u00eddeo, programari o textos; marques o logotips, combinacions de colors, estructura i disseny, selecci\u00f3 de materials usats, programes dordinador necessaris per al seu funcionament, acc\u00e9s i \u00fas, etc.), titularitat de COMAVIERA SUPPLIES o b\u00e9 dels seus llicenciants. Tots els drets reservats. En virtut del que disposen els articles 8 i 32.1, par\u00e0graf segon, de la Llei de propietat intel\u00b7lectual, queden expressament prohibides la reproducci\u00f3, la distribuci\u00f3 i la comunicaci\u00f3 p\u00fablica, inclosa la seva modalitat de posada a disposici\u00f3, de la totalitat o part dels continguts d&#039;aquesta p\u00e0gina web, amb finalitats comercials, a qualsevol suport i per qualsevol mitj\u00e0 t\u00e8cnic, sense l&#039;autoritzaci\u00f3 de COMAVIERA SUPPLIES. L&#039;USUARI es compromet a respectar els drets de propietat intel\u00b7lectual i industrial titularitat de COMAVIERA SUPPLIES. Podreu visualitzar els elements del Site i fins i tot imprimir-los, copiar-los i emmagatzemar-los al disc dur del vostre ordinador o en qualsevol altre suport f\u00edsic sempre que sigui, \u00fanica i exclusivament, per al seu \u00fas personal i privat. L&#039;USUARI haur\u00e0 d&#039;abstenir-se de suprimir, alterar, eludir o manipular qualsevol dispositiu de protecci\u00f3 o sistema de seguretat que estigu\u00e9s instal\u00b7lat a les p\u00e0gines de COMAVIERA SUPPLIES.<\/p>\n\n\n\n<p><strong>EXCLUSI\u00d3 DE GARANTIES I RESPONSABILITAT:<\/strong>&nbsp;COMAVIERA SUPPLIES no es fa responsable, en cap cas, dels danys i perjudicis de qualsevol naturalesa que poguessin ocasionar, a t\u00edtol enunciatiu: errors o omissions en els continguts, manca de disponibilitat del portal o la transmissi\u00f3 de virus o programes maliciosos o lesius en els continguts, tot i haver adoptat totes les mesures tecnol\u00f2giques necess\u00e0ries per evitar-ho.<\/p>\n\n\n\n<p><strong>MODIFICACIONS:<\/strong>&nbsp;COMAVIERA SUPPLIES es reserva el dret d&#039;efectuar sense previ av\u00eds les modificacions que consideri oportunes al seu Site, podent canviar, suprimir o afegir tant els continguts i serveis que es prestin a trav\u00e9s d&#039;aquesta com la forma en qu\u00e8 aquests apareguin presentats o localitzats al seu Site.<\/p>\n\n\n\n<p><strong>OCUPACI\u00d3 DE COOKIES:<\/strong>&nbsp;COMAVIERA SUPPLIES podr\u00e0 utilitzar cookies per personalitzar i facilitar al m\u00e0xim la navegaci\u00f3 de l&#039;USUARI pel seu Site. Les cookies s&#039;associen \u00fanicament a un USUARI an\u00f2nim i el vostre ordinador i no proporcionen refer\u00e8ncies que permetin deduir dades personals de l&#039;USUARI. L&#039;USUARI podr\u00e0 configurar el seu navegador perqu\u00e8 notifiqui i rebutgi la instal\u00b7laci\u00f3 de les cookies enviades per COMAVIERA SUPPLIES, sense que aix\u00f2 perjudiqui la possibilitat de l&#039;USUARI d&#039;accedir als continguts.<\/p>\n\n\n\n<p><strong>ENLLA\u00c7OS:<\/strong>&nbsp;En cas que al Site es disposessin enlla\u00e7os o hipervincles cap a altres llocs d&#039;Internet, COMAVIERA SUPPLIES no exercir\u00e0 cap tipus de control sobre aquests llocs i continguts. En cap cas COMAVIERA SUPPLIES assumir\u00e0 cap responsabilitat pels continguts d&#039;algun enlla\u00e7 pertanyent a un lloc web ali\u00e8, ni garantir\u00e0 la disponibilitat t\u00e8cnica, qualitat, fiabilitat, exactitud, amplitud, veracitat, validesa i constitucionalitat de qualsevol material o informaci\u00f3 continguda en cap d&#039;aquests. hipervincles o altres llocs dInternet. Igualment, la inclusi\u00f3 d&#039;aquestes connexions externes no implicar\u00e0 cap tipus d&#039;associaci\u00f3, fusi\u00f3 o participaci\u00f3 amb les entitats connectades.<\/p>\n\n\n\n<p><strong>DRET D&#039;EXCLUSI\u00d3:<\/strong>&nbsp;COMAVIERA SUPPLIES es reserva el dret a denegar o retirar l&#039;acc\u00e9s al seu lloc web i\/o els serveis oferts sense necessitat de preav\u00eds, a inst\u00e0ncia pr\u00f2pia o d&#039;un tercer, a aquells usuaris que incompleixin aquestes Condicions Generals d&#039;\u00das.<\/p>\n\n\n\n<p><strong>GENERALITATS:<\/strong>&nbsp;COMAVIERA SUPPLIES perseguir\u00e0 l&#039;incompliment de les presents condicions aix\u00ed com qualsevol utilitzaci\u00f3 indeguda del seu Site exercint totes les accions civils i penals que li puguen correspondre en dret.<\/p>\n\n\n\n<p><strong>MODIFICACI\u00d3 DE LES PRESENTS CONDICIONS I DURADA:<\/strong>&nbsp;COMAVIERA SUPPLIES podr\u00e0 modificar en qualsevol moment les condicions aqu\u00ed determinades, sent degudament publicades com aqu\u00ed apareixen. La vig\u00e8ncia de les condicions esmentades anir\u00e0 en funci\u00f3 de la seva exposici\u00f3 i estaran vigents fins que siguin modificades per altres degudament publicades.<\/p>","protected":false},"excerpt":{"rendered":"<p>DADES IDENTIFICATIVES: En compliment amb el deure informaci\u00f3 recollit a l&#039;article 10 de la Llei 34\/2002, d&#039;11 de juliol, de Serveis de la Societat de la Informaci\u00f3 i de Comer\u00e7 Electr\u00f2nic, a continuaci\u00f3 es reflecteixen les dades seg\u00fcents: L&#039;empresa titular de trucos.com (d&#039;ara endavant, el Site) \u00e9s Comaviera Supplies SL, amb domicili a [\u2026]<\/p>","protected":false},"author":1,"featured_media":0,"parent":0,"menu_order":0,"comment_status":"closed","ping_status":"closed","template":"","meta":{"footnotes":""},"class_list":["post-52","page","type-page","status-publish","hentry"],"blocksy_meta":[],"yoast_head":"<!-- This site is optimized with the Yoast SEO plugin v25.2 - https:\/\/yoast.com\/wordpress\/plugins\/seo\/ -->\n<title>CONDICIONES GENERALES DE USO - Trucos.com<\/title>\n<meta name=\"robots\" content=\"index, follow, max-snippet:-1, max-image-preview:large, max-video-preview:-1\" \/>\n<link rel=\"canonical\" href=\"https:\/\/trucos.com\/ca\/condicions-generals-dus\/\" \/>\n<meta property=\"og:locale\" content=\"ca_ES\" \/>\n<meta property=\"og:type\" content=\"article\" \/>\n<meta property=\"og:title\" content=\"CONDICIONES GENERALES DE USO - Trucos.com\" \/>\n<meta property=\"og:description\" content=\"DATOS IDENTIFICATIVOS:&nbsp;En cumplimiento con el deber de informaci\u00f3n recogido en art\u00edculo 10 de la Ley 34\/2002, de 11 de julio, de Servicios de la Sociedad de la Informaci\u00f3n y de Comercio Electr\u00f3nico, a continuaci\u00f3n se reflejan los siguientes datos: La empresa titular de trucos.com (en adelante, el Site) es Comaviera Supplies S.L, con domicilio en [&hellip;]\" \/>\n<meta property=\"og:url\" content=\"https:\/\/trucos.com\/ca\/condicions-generals-dus\/\" \/>\n<meta property=\"og:site_name\" content=\"Trucos.com\" \/>\n<meta property=\"article:publisher\" content=\"https:\/\/www.facebook.com\/trucoscom\/\" \/>\n<meta name=\"twitter:card\" content=\"summary_large_image\" \/>\n<meta name=\"twitter:label1\" content=\"Temps estimat de lectura\" \/>\n\t<meta name=\"twitter:data1\" content=\"7 minuts\" \/>\n<!-- \/ Yoast SEO plugin. -->","yoast_head_json":{"title":"CONDICIONES GENERALES DE USO - Trucos.com","robots":{"index":"index","follow":"follow","max-snippet":"max-snippet:-1","max-image-preview":"max-image-preview:large","max-video-preview":"max-video-preview:-1"},"canonical":"https:\/\/trucos.com\/ca\/condicions-generals-dus\/","og_locale":"ca_ES","og_type":"article","og_title":"CONDICIONES GENERALES DE USO - Trucos.com","og_description":"DATOS IDENTIFICATIVOS:&nbsp;En cumplimiento con el deber de informaci\u00f3n recogido en art\u00edculo 10 de la Ley 34\/2002, de 11 de julio, de Servicios de la Sociedad de la Informaci\u00f3n y de Comercio Electr\u00f3nico, a continuaci\u00f3n se reflejan los siguientes datos: La empresa titular de trucos.com (en adelante, el Site) es Comaviera Supplies S.L, con domicilio en [&hellip;]","og_url":"https:\/\/trucos.com\/ca\/condicions-generals-dus\/","og_site_name":"Trucos.com","article_publisher":"https:\/\/www.facebook.com\/trucoscom\/","twitter_card":"summary_large_image","twitter_misc":{"Temps estimat de lectura":"7 minuts"},"schema":{"@context":"https:\/\/schema.org","@graph":[{"@type":"WebPage","@id":"https:\/\/trucos.com\/condiciones-generales-de-uso\/","url":"https:\/\/trucos.com\/condiciones-generales-de-uso\/","name":"CONDICIONES GENERALES DE USO - Trucos.com","isPartOf":{"@id":"https:\/\/trucos.com\/#website"},"datePublished":"2023-06-19T08:59:08+00:00","breadcrumb":{"@id":"https:\/\/trucos.com\/condiciones-generales-de-uso\/#breadcrumb"},"inLanguage":"ca","potentialAction":[{"@type":"ReadAction","target":["https:\/\/trucos.com\/condiciones-generales-de-uso\/"]}]},{"@type":"BreadcrumbList","@id":"https:\/\/trucos.com\/condiciones-generales-de-uso\/#breadcrumb","itemListElement":[{"@type":"ListItem","position":1,"name":"Home","item":"https:\/\/trucos.com\/"},{"@type":"ListItem","position":2,"name":"CONDICIONES GENERALES DE USO"}]},{"@type":"WebSite","@id":"https:\/\/trucos.com\/#website","url":"https:\/\/trucos.com\/","name":"Trucos.com","description":"Los mejores trucos sobre videojuegos, tecnolog\u00eda y m\u00f3viles","publisher":{"@id":"https:\/\/trucos.com\/#organization"},"potentialAction":[{"@type":"SearchAction","target":{"@type":"EntryPoint","urlTemplate":"https:\/\/trucos.com\/?s={search_term_string}"},"query-input":{"@type":"PropertyValueSpecification","valueRequired":true,"valueName":"search_term_string"}}],"inLanguage":"ca"},{"@type":"Organization","@id":"https:\/\/trucos.com\/#organization","name":"Trucos.com","url":"https:\/\/trucos.com\/","logo":{"@type":"ImageObject","inLanguage":"ca","@id":"https:\/\/trucos.com\/#\/schema\/logo\/image\/","url":"https:\/\/trucos.com\/wp-content\/uploads\/2023\/06\/trucoscomlogo.png","contentUrl":"https:\/\/trucos.com\/wp-content\/uploads\/2023\/06\/trucoscomlogo.png","width":207,"height":68,"caption":"Trucos.com"},"image":{"@id":"https:\/\/trucos.com\/#\/schema\/logo\/image\/"},"sameAs":["https:\/\/www.facebook.com\/trucoscom\/"]}]}},"_links":{"self":[{"href":"https:\/\/trucos.com\/ca\/wp-json\/wp\/v2\/pages\/52","targetHints":{"allow":["GET"]}}],"collection":[{"href":"https:\/\/trucos.com\/ca\/wp-json\/wp\/v2\/pages"}],"about":[{"href":"https:\/\/trucos.com\/ca\/wp-json\/wp\/v2\/types\/page"}],"author":[{"embeddable":true,"href":"https:\/\/trucos.com\/ca\/wp-json\/wp\/v2\/users\/1"}],"replies":[{"embeddable":true,"href":"https:\/\/trucos.com\/ca\/wp-json\/wp\/v2\/comments?post=52"}],"version-history":[{"count":1,"href":"https:\/\/trucos.com\/ca\/wp-json\/wp\/v2\/pages\/52\/revisions"}],"predecessor-version":[{"id":54,"href":"https:\/\/trucos.com\/ca\/wp-json\/wp\/v2\/pages\/52\/revisions\/54"}],"wp:attachment":[{"href":"https:\/\/trucos.com\/ca\/wp-json\/wp\/v2\/media?parent=52"}],"curies":[{"name":"wp","href":"https:\/\/api.w.org\/{rel}","templated":true}]}}