{"id":55,"date":"2023-06-19T08:58:49","date_gmt":"2023-06-19T08:58:49","guid":{"rendered":"http:\/\/trucos.com\/?page_id=55"},"modified":"2023-06-19T08:58:49","modified_gmt":"2023-06-19T08:58:49","slug":"informacio-sobre-cookies","status":"publish","type":"page","link":"https:\/\/trucos.com\/ca\/informacio-sobre-cookies\/","title":{"rendered":"INFORMACI\u00d3 SOBRE COOKIES"},"content":{"rendered":"<h1 class=\"wp-block-heading\">Qu\u00e8 s\u00f3n les cookies i per qu\u00e8 les utilitzem a les web Trucos.com<\/h1>\n\n\n\n<p>Una galeta \u00e9s un fitxer que es descarrega al dispositiu de l&#039;usuari en accedir a determinades p\u00e0gines web per emmagatzemar i recuperar informaci\u00f3 sobre la navegaci\u00f3 que s&#039;efectua des d&#039;aquest equip.<\/p>\n\n\n\n<p>Les cookies permeten a aquesta web, entre altres coses, emmagatzemar i recuperar informaci\u00f3 sobre les decisions i els h\u00e0bits de l&#039;usuari. A Trucos.com les utilitzem per personalitzar l&#039;experi\u00e8ncia dins de les nostres webs, identificar i recordar l&#039;usuari registrat i facilitar-ne la navegaci\u00f3.<\/p>\n\n\n\n<p>\u00c9s important destacar que l&#039;\u00fas de galetes no proporciona dades personals de l&#039;usuari, que de cara a Trucos.com roman an\u00f2nim.<\/p>\n\n\n\n<p>L&#039;usuari pot configurar el seu navegador per no acceptar l&#039;\u00fas de cookies, i en aquest cas la personalitzaci\u00f3 de l&#039;experi\u00e8ncia no s&#039;aplicaria encara que s\u00ed que podr\u00e0 continuar accedint als continguts de les nostres webs amb normalitat.<\/p>\n\n\n\n<p>A la p\u00e0gina de Wikipedia (<a href=\"http:\/\/es.wikipedia.org\/wiki\/Cookie_(inform%C3%A1tica)\">http:\/\/es.wikipedia.org\/wiki\/Cookie_(inform\u00e0tica)<\/a>) \u00e9s possible obtenir m\u00e9s informaci\u00f3 sobre qu\u00e8 amb les galetes i com funcionen.<\/p>\n\n\n\n<h2 class=\"wp-block-heading\">Quin tipus de galetes utilitzen les webs de Trucos.com<\/h2>\n\n\n\n<p>Les galetes, en funci\u00f3 de la seva perman\u00e8ncia, poden dividir-se en galetes de sessi\u00f3 o permanents. Les primeres expiren quan l&#039;usuari tanca el navegador. Les segones expiren en funci\u00f3 quan es compleixi l&#039;objectiu per al que serveixen (per exemple, perqu\u00e8 l&#039;usuari es mantingui identificat a les webs i serveis de Trucos.com) o b\u00e9 quan s&#039;esborren manualment.<\/p>\n\n\n\n<p>Addicionalment, en funci\u00f3 del seu objectiu, les galetes es poden classificar de la manera seg\u00fcent:<\/p>\n\n\n\n<p><strong>Cookies de rendiment:<\/strong>&nbsp;aquest tipus de Cookie recorda les seves prefer\u00e8ncies per a les eines que es troben als serveis, per la qual cosa no ha de tornar a configurar el servei cada vegada que visiteu. A tall d&#039;exemple, en aquesta tipologia s&#039;inclouen:<\/p>\n\n\n\n<ul class=\"wp-block-list\">\n<li>Configuraci\u00f3 de volum de reproductors de v\u00eddeo o so.<\/li>\n\n\n\n<li>Les velocitats de transmissi\u00f3 de v\u00eddeo que siguin compatibles amb el vostre navegador.<\/li>\n<\/ul>\n\n\n\n<p><strong>Galetes de geolocalitzaci\u00f3:<\/strong>&nbsp;aquestes galetes s\u00f3n utilitzades per esbrinar a quin pa\u00eds es troba quan se sol\u00b7licita una web o servei. Aquesta galeta \u00e9s totalment an\u00f2nima, i nom\u00e9s s&#039;utilitza per ajudar a orientar el contingut a la vostra ubicaci\u00f3.<\/p>\n\n\n\n<p><strong>Cookies de registre:<\/strong>&nbsp;les galetes de registre es generen una vegada que l&#039;usuari s&#039;ha registrat o posteriorment ha obert la sessi\u00f3, i s&#039;utilitzen per identificar-lo a la web i als serveis amb els objectius seg\u00fcents:<\/p>\n\n\n\n<ul class=\"wp-block-list\">\n<li>Mantenir l&#039;usuari identificat de manera que, si tanqueu un servei o web, el navegador o l&#039;ordinador i en un altre moment o un altre dia torneu a entrar en aquest servei o web, seguireu identificat, facilitant aix\u00ed la vostra navegaci\u00f3 sense haver de tornar-vos a identificar. Aquesta funcionalitat es pot suprimir si l&#039;usuari prem la funcionalitat \u201cSortir\u201d, de manera que aquesta Cookie s&#039;elimina i la propera vegada que entri al web l&#039;usuari haur\u00e0 d&#039;iniciar sessi\u00f3 per estar identificat.<\/li>\n\n\n\n<li>Comproveu si l&#039;usuari est\u00e0 autoritzat per accedir a certs serveis, per exemple, per participar en un concurs.<\/li>\n\n\n\n<li>Addicionalment, alguns serveis poden utilitzar connectors de tercers com Facebook, Twitter o Google. Quan l&#039;usuari es registra en un servei amb credencials d&#039;una xarxa social o sistema d&#039;identificaci\u00f3 de tercers, autoritza a guardar una galeta persistent que recorda la seva identitat i li garanteix acc\u00e9s a la web fins que expira. L&#039;usuari pot esborrar aquesta galeta i revocar l&#039;acc\u00e9s a la web mitjan\u00e7ant xarxes socials o sistema d&#039;identificaci\u00f3 de tercers actualitzant les prefer\u00e8ncies a la xarxa social que espec\u00edfica.<\/li>\n<\/ul>\n\n\n\n<p><strong>Galetes d&#039;anal\u00edtica:<\/strong>\u00a0cada vegada que un Usuari visita una Web o Servei, una eina d&#039;un prove\u00efdor extern (Google Analytics, comScore i similars) genera una galeta anal\u00edtica al dispositiu de l&#039;usuari. Aquesta galeta que nom\u00e9s es genera a la visita, servir\u00e0 en properes visites als serveis de Trucos.com per identificar de forma an\u00f2nima el visitant. Els objectius principals que es persegueixen s\u00f3n:<\/p>\n\n\n\n<ul class=\"wp-block-list\">\n<li>Permetre la identificaci\u00f3 an\u00f2nima dels usuaris navegants a trav\u00e9s de la \u201cCookie\u201d (identifica navegadors i dispositius, no persones) i per tant la comptabilitzaci\u00f3 aproximada del nombre de visitants i la seva tend\u00e8ncia en el temps.<\/li>\n\n\n\n<li>Identificar de forma an\u00f2nima els continguts m\u00e9s visitats i per tant m\u00e9s atractius per als usuaris<\/li>\n\n\n\n<li>Saber si lusuari que est\u00e0 accedint \u00e9s nou o repeteix visita.<\/li>\n<\/ul>\n\n\n\n<p><em>Important:<\/em>\u00a0Llevat que l&#039;Usuari decideixi registrar-se en alguna web de Trucos.com, la galeta mai no anir\u00e0 associada a cap dada de car\u00e0cter personal que el pugui identificar. Aquestes galetes nom\u00e9s seran utilitzades amb prop\u00f2sits estad\u00edstics que ajudin a l&#039;optimitzaci\u00f3 de l&#039;experi\u00e8ncia dels usuaris al lloc.<\/p>\n\n\n\n<p>M\u00e9s informaci\u00f3 sobre la pol\u00edtica de privadesa d&#039;aquestes eines d&#039;anal\u00edtica a:&nbsp;<a href=\"https:\/\/www.google.es\/policies\/privacy\">Google Analytics<\/a>&nbsp;i&nbsp;<a href=\"https:\/\/www.comscore.com\/esl\/Sobre-comScore\/Politica-de-privacidad?cs_edgescape_cc=ES\">Comscore<\/a>.<\/p>\n\n\n\n<p><strong>Cookies de publicitat:<\/strong>\u00a0aquest tipus de cookies permeten ampliar la informaci\u00f3 dels anuncis mostrats a cada usuari an\u00f2nim a les webs de Trucos.com. Entre altres, s&#039;emmagatzema la durada o la freq\u00fc\u00e8ncia de visualitzaci\u00f3 de posicions publicit\u00e0ries, la interacci\u00f3 amb aquestes, o els patrons de navegaci\u00f3 i\/o comportaments de l&#039;usuari ja que ajuden a conformar un perfil d&#039;inter\u00e8s publicitari. D&#039;aquesta manera permeten oferir publicitat af\u00ed als interessos de l&#039;usuari.<\/p>\n\n\n\n<p>Per a la gesti\u00f3 de la publicitat de Trucos.com s&#039;utilitzen eines de servei de publicitat (Adservers \u2013 http:\/\/es.wikipedia.org\/wiki\/Adserver\u201d) de tercers. Aquests tercers poden emmagatzemar cookies enviades des dels webs de Trucos.com procedents dels navegadors dels usuaris, aix\u00ed com accedir a les dades que s&#039;hi guarden.<\/p>\n\n\n\n<p>Les empreses que generen aquestes galetes tenen les seves pr\u00f2pies pol\u00edtiques de privadesa.<\/p>\n\n\n\n<p>Actualment Trucos.com utilitza la plataforma Doubleclick de Google per gestionar aquests serveis. Per a m\u00e9s informaci\u00f3, aneu a\u00a0<a href=\"https:\/\/www.google.es\/policies\/privacy\/\">https:\/\/www.google.es\/policies\/privacy\/<\/a>.<\/p>\n\n\n\n<h2 class=\"wp-block-heading\">Com desactivar les galetes al navegador<\/h2>\n\n\n\n<p>La majoria de navegadors actualment permeten a l&#039;usuari configurar si desitgen acceptar cookies i quines. Aquests par\u00e0metres normalment es troben a les &#039;opcions&#039; o &#039;Prefer\u00e8ncies&#039; del men\u00fa del vostre navegador.<\/p>\n\n\n\n<p>Aquestes s\u00f3n les instruccions per configurar les cookies als principals navegadors:<\/p>\n\n\n\n<ul class=\"wp-block-list\">\n<li>Chrome: Configuraci\u00f3 -&gt; Mostrar opcions avan\u00e7ades -&gt; Privadesa -&gt; Configuraci\u00f3 de contingut. Per a m\u00e9s informaci\u00f3, podeu consultar el suport de Google o l&#039;Ajuda del navegador.<\/li>\n\n\n\n<li>Firefox: Eines -&gt; Opcions -&gt; Privadesa -&gt; Historial -&gt; Configuraci\u00f3 Personalitzada. Per a m\u00e9s informaci\u00f3, podeu consultar el suport de Mozilla o l&#039;Ajuda del navegador.<\/li>\n\n\n\n<li>Edge\/Internet Explorer: Eines -&gt; Opcions d&#039;Internet -&gt; Privadesa -&gt; Configuraci\u00f3. Per a m\u00e9s informaci\u00f3, podeu consultar el suport de Microsoft o l&#039;Ajuda del navegador.<\/li>\n\n\n\n<li>Safari: Prefer\u00e8ncies -&gt; Seguretat. Per a m\u00e9s informaci\u00f3, podeu consultar el suport d&#039;Apple o l&#039;Ajuda del navegador.<\/li>\n<\/ul>","protected":false},"excerpt":{"rendered":"<p>Qu\u00e9 son las cookies y por qu\u00e9 las utilizamos en las web Trucos.com Una cookie es un fichero que se descarga en el dispositivo del usuario al acceder a determinadas p\u00e1ginas web para almacenar y recuperar informaci\u00f3n sobre la navegaci\u00f3n que se efect\u00faa desde dicho equipo. Las cookies permiten a dicha web, entre otras cosas, [&hellip;]<\/p>\n","protected":false},"author":1,"featured_media":0,"parent":0,"menu_order":0,"comment_status":"closed","ping_status":"closed","template":"","meta":{"footnotes":""},"class_list":["post-55","page","type-page","status-publish","hentry"],"blocksy_meta":[],"yoast_head":"<!-- This site is optimized with the Yoast SEO plugin v27.5 - https:\/\/yoast.com\/product\/yoast-seo-wordpress\/ -->\n<title>INFORMACI\u00d3N SOBRE COOKIES - Trucos.com<\/title>\n<meta name=\"robots\" content=\"index, follow, max-snippet:-1, max-image-preview:large, max-video-preview:-1\" \/>\n<link rel=\"canonical\" href=\"https:\/\/trucos.com\/ca\/informacio-sobre-cookies\/\" \/>\n<meta property=\"og:locale\" content=\"ca_ES\" \/>\n<meta property=\"og:type\" content=\"article\" \/>\n<meta property=\"og:title\" content=\"INFORMACI\u00d3N SOBRE COOKIES - Trucos.com\" \/>\n<meta property=\"og:description\" content=\"Qu\u00e9 son las cookies y por qu\u00e9 las utilizamos en las web Trucos.com Una cookie es un fichero que se descarga en el dispositivo del usuario al acceder a determinadas p\u00e1ginas web para almacenar y recuperar informaci\u00f3n sobre la navegaci\u00f3n que se efect\u00faa desde dicho equipo. Las cookies permiten a dicha web, entre otras cosas, [&hellip;]\" \/>\n<meta property=\"og:url\" content=\"https:\/\/trucos.com\/ca\/informacio-sobre-cookies\/\" \/>\n<meta property=\"og:site_name\" content=\"Trucos.com\" \/>\n<meta property=\"article:publisher\" content=\"https:\/\/www.facebook.com\/trucoscom\/\" \/>\n<meta name=\"twitter:card\" content=\"summary_large_image\" \/>\n<meta name=\"twitter:label1\" content=\"Temps estimat de lectura\" \/>\n\t<meta name=\"twitter:data1\" content=\"6 minuts\" \/>\n<!-- \/ Yoast SEO plugin. -->","yoast_head_json":{"title":"INFORMACI\u00d3 SOBRE COOKIES - Trucos.com","robots":{"index":"index","follow":"follow","max-snippet":"max-snippet:-1","max-image-preview":"max-image-preview:large","max-video-preview":"max-video-preview:-1"},"canonical":"https:\/\/trucos.com\/ca\/informacio-sobre-cookies\/","og_locale":"ca_ES","og_type":"article","og_title":"INFORMACI\u00d3N SOBRE COOKIES - Trucos.com","og_description":"Qu\u00e9 son las cookies y por qu\u00e9 las utilizamos en las web Trucos.com Una cookie es un fichero que se descarga en el dispositivo del usuario al acceder a determinadas p\u00e1ginas web para almacenar y recuperar informaci\u00f3n sobre la navegaci\u00f3n que se efect\u00faa desde dicho equipo. Las cookies permiten a dicha web, entre otras cosas, [&hellip;]","og_url":"https:\/\/trucos.com\/ca\/informacio-sobre-cookies\/","og_site_name":"Trucos.com","article_publisher":"https:\/\/www.facebook.com\/trucoscom\/","twitter_card":"summary_large_image","twitter_misc":{"Temps estimat de lectura":"6 minuts"},"schema":{"@context":"https:\/\/schema.org","@graph":[{"@type":"WebPage","@id":"https:\/\/trucos.com\/informacion-sobre-cookies\/","url":"https:\/\/trucos.com\/informacion-sobre-cookies\/","name":"INFORMACI\u00d3 SOBRE COOKIES - Trucos.com","isPartOf":{"@id":"https:\/\/trucos.com\/#website"},"datePublished":"2023-06-19T08:58:49+00:00","breadcrumb":{"@id":"https:\/\/trucos.com\/informacion-sobre-cookies\/#breadcrumb"},"inLanguage":"ca","potentialAction":[{"@type":"ReadAction","target":["https:\/\/trucos.com\/informacion-sobre-cookies\/"]}]},{"@type":"BreadcrumbList","@id":"https:\/\/trucos.com\/informacion-sobre-cookies\/#breadcrumb","itemListElement":[{"@type":"ListItem","position":1,"name":"Home","item":"https:\/\/trucos.com\/"},{"@type":"ListItem","position":2,"name":"INFORMACI\u00d3N SOBRE COOKIES"}]},{"@type":"WebSite","@id":"https:\/\/trucos.com\/#website","url":"https:\/\/trucos.com\/","name":"Trucos.com","description":"Els millors trucs sobre videojocs, tecnologia i m\u00f2bils","publisher":{"@id":"https:\/\/trucos.com\/#organization"},"potentialAction":[{"@type":"SearchAction","target":{"@type":"EntryPoint","urlTemplate":"https:\/\/trucos.com\/?s={search_term_string}"},"query-input":{"@type":"PropertyValueSpecification","valueRequired":true,"valueName":"search_term_string"}}],"inLanguage":"ca"},{"@type":"Organization","@id":"https:\/\/trucos.com\/#organization","name":"Trucos.com","url":"https:\/\/trucos.com\/","logo":{"@type":"ImageObject","inLanguage":"ca","@id":"https:\/\/trucos.com\/#\/schema\/logo\/image\/","url":"https:\/\/trucos.com\/wp-content\/uploads\/2023\/06\/trucoscomlogo.png","contentUrl":"https:\/\/trucos.com\/wp-content\/uploads\/2023\/06\/trucoscomlogo.png","width":207,"height":68,"caption":"Trucos.com"},"image":{"@id":"https:\/\/trucos.com\/#\/schema\/logo\/image\/"},"sameAs":["https:\/\/www.facebook.com\/trucoscom\/"]}]}},"_links":{"self":[{"href":"https:\/\/trucos.com\/ca\/wp-json\/wp\/v2\/pages\/55","targetHints":{"allow":["GET"]}}],"collection":[{"href":"https:\/\/trucos.com\/ca\/wp-json\/wp\/v2\/pages"}],"about":[{"href":"https:\/\/trucos.com\/ca\/wp-json\/wp\/v2\/types\/page"}],"author":[{"embeddable":true,"href":"https:\/\/trucos.com\/ca\/wp-json\/wp\/v2\/users\/1"}],"replies":[{"embeddable":true,"href":"https:\/\/trucos.com\/ca\/wp-json\/wp\/v2\/comments?post=55"}],"version-history":[{"count":1,"href":"https:\/\/trucos.com\/ca\/wp-json\/wp\/v2\/pages\/55\/revisions"}],"predecessor-version":[{"id":56,"href":"https:\/\/trucos.com\/ca\/wp-json\/wp\/v2\/pages\/55\/revisions\/56"}],"wp:attachment":[{"href":"https:\/\/trucos.com\/ca\/wp-json\/wp\/v2\/media?parent=55"}],"curies":[{"name":"wp","href":"https:\/\/api.w.org\/{rel}","templated":true}]}}