{"id":55,"date":"2023-06-19T08:58:49","date_gmt":"2023-06-19T08:58:49","guid":{"rendered":"http:\/\/trucos.com\/?page_id=55"},"modified":"2023-06-19T08:58:49","modified_gmt":"2023-06-19T08:58:49","slug":"information-about-cookies","status":"publish","type":"page","link":"https:\/\/trucos.com\/en\/information-about-cookies\/","title":{"rendered":"INFORMATION ABOUT COOKIES"},"content":{"rendered":"<h1 class=\"wp-block-heading\">What are cookies and why do we use them on the Trucos.com website?<\/h1>\n\n\n\n<p>A cookie is a file that is downloaded to the user&#039;s device when accessing certain web pages to store and retrieve information about the navigation carried out from said computer.<\/p>\n\n\n\n<p>Cookies allow said website, among other things, to store and retrieve information about the user&#039;s decisions and habits. At Trucos.com we use them to personalize the experience within our websites, identify and remember the registered user and facilitate navigation.<\/p>\n\n\n\n<p>It is important to highlight that the use of cookies does not provide personal data of the user, who remains anonymous to Trucos.com.<\/p>\n\n\n\n<p>The user can configure their browser to not accept the use of cookies, in which case the personalization of the experience would not apply although they will still be able to access the contents of our websites normally.<\/p>\n\n\n\n<p>On the Wikipedia page (<a href=\"http:\/\/es.wikipedia.org\/wiki\/Cookie_(inform%C3%A1tica)\">http:\/\/es.wikipedia.org\/wiki\/Cookie_(computing)<\/a>) it is possible to obtain more information about what cookies are and how they work.<\/p>\n\n\n\n<h2 class=\"wp-block-heading\">What type of cookies do the Trucos.com websites use?<\/h2>\n\n\n\n<p>Cookies, depending on their permanence, can be divided into session or permanent Cookies. The first ones expire when the user closes the browser. The latter expire depending on when the purpose for which they serve is fulfilled (for example, so that the user remains identified on the Trucos.com websites and services) or when they are manually deleted.<\/p>\n\n\n\n<p>Additionally, depending on their objective, Cookies can be classified as follows:<\/p>\n\n\n\n<p><strong>Performance cookies:<\/strong>&nbsp;This type of Cookie remembers your preferences for the tools found on the services, so you do not have to reconfigure the service each time you visit. As an example, this typology includes:<\/p>\n\n\n\n<ul class=\"wp-block-list\">\n<li>Volume adjustments for video or sound players.<\/li>\n\n\n\n<li>The video transmission speeds that are supported by your browser.<\/li>\n<\/ul>\n\n\n\n<p><strong>Geolocation cookies:<\/strong>&nbsp;These Cookies are used to find out what country you are in when you request a website or service. This Cookie is completely anonymous, and is only used to help target content to your location.<\/p>\n\n\n\n<p><strong>Registration cookies:<\/strong>&nbsp;Registration Cookies are generated once the User has registered or subsequently opened their session, and are used to identify them on the websites and services with the following objectives:<\/p>\n\n\n\n<ul class=\"wp-block-list\">\n<li>Keep the user identified so that, if they close a service or website, the browser or the computer and at another time or another day they re-enter said service or website, they will continue to be identified, thus facilitating their navigation without having to identify themselves again. This functionality can be deleted if the user clicks on the \u201cExit\u201d functionality, so that this Cookie is deleted and the next time the user enters the website they will have to log in to be identified.<\/li>\n\n\n\n<li>Check if the user is authorized to access certain services, for example, to participate in a contest.<\/li>\n\n\n\n<li>Additionally, some services may use third-party connectors such as Facebook, Twitter or Google. When the user registers in a service with credentials from a social network or third-party identification system, they authorize it to save a persistent cookie that remembers their identity and guarantees access to the website until it expires. The user can delete this cookie and revoke access to the website through social networks or third-party identification systems by updating their preferences on the specific social network.<\/li>\n<\/ul>\n\n\n\n<p><strong>Analytics cookies:<\/strong>\u00a0Every time a User visits a Website or Service, a tool from an external provider (Google Analytics, comScore and similar) generates an analytical cookie on the user&#039;s device. This cookie, which is only generated during the visit, will be used on future visits to Trucos.com services to anonymously identify the visitor. The main objectives pursued are:<\/p>\n\n\n\n<ul class=\"wp-block-list\">\n<li>Allow the anonymous identification of browsing users through the \u201cCookie\u201d (identifies browsers and devices, not people) and therefore the approximate accounting of the number of visitors and their trend over time.<\/li>\n\n\n\n<li>Anonymously identify the most visited content and therefore the most attractive to users<\/li>\n\n\n\n<li>Know if the user who is accessing is new or repeat visit.<\/li>\n<\/ul>\n\n\n\n<p><em>Important:<\/em>\u00a0Unless the User decides to register on a Trucos.com website, the cookie will never be associated with any personal data that may identify them. These cookies will only be used for statistical purposes that help optimize the user experience on the site.<\/p>\n\n\n\n<p>More information about the privacy policy of these analytics tools at:&nbsp;<a href=\"https:\/\/www.google.es\/policies\/privacy\">Google Analytics<\/a>&nbsp;and&nbsp;<a href=\"https:\/\/www.comscore.com\/esl\/Sobre-comScore\/Politica-de-privacidad?cs_edgescape_cc=ES\">comscore<\/a>.<\/p>\n\n\n\n<p><strong>Advertising cookies:<\/strong>\u00a0These types of cookies allow us to expand the information of the advertisements shown to each anonymous user on the Trucos.com websites. Among others, the duration or frequency of viewing advertising positions, the interaction with them, or the user&#039;s browsing patterns and\/or behaviors are stored as they help create a profile of advertising interest. In this way, they allow us to offer advertising related to the user&#039;s interests.<\/p>\n\n\n\n<p>To manage Trucos.com advertising, third-party advertising service tools (Adservers \u2013 http:\/\/es.wikipedia.org\/wiki\/Adserver) are used. These third parties may store cookies sent from the Trucos.com websites from users&#039; browsers, as well as access the data stored therein.<\/p>\n\n\n\n<p>The companies that generate these Cookies have their own privacy policies.<\/p>\n\n\n\n<p>Currently, Trucos.com uses Google&#039;s Doubleclick platform to manage these services. For more information, go to\u00a0<a href=\"https:\/\/www.google.es\/policies\/privacy\/\">https:\/\/www.google.es\/policies\/privacy\/<\/a>.<\/p>\n\n\n\n<h2 class=\"wp-block-heading\">How to disable cookies in the browser<\/h2>\n\n\n\n<p>Most browsers currently allow the user to configure whether and which cookies they want to accept. These settings are usually found in the &#039;Options&#039; or &#039;Preferences&#039; menu of your browser.<\/p>\n\n\n\n<p>These are the instructions to configure cookies in the main browsers:<\/p>\n\n\n\n<ul class=\"wp-block-list\">\n<li>Chrome: Settings -&gt; Show advanced options -&gt; Privacy -&gt; Content settings. For more information, you can consult Google support or browser Help.<\/li>\n\n\n\n<li>Firefox: Tools -&gt; Options -&gt; Privacy -&gt; History -&gt; Custom Settings. For more information, you can consult Mozilla support or the browser Help.<\/li>\n\n\n\n<li>Edge\/Internet Explorer: Tools -&gt; Internet Options -&gt; Privacy -&gt; Settings. For more information, you can consult Microsoft support or browser Help.<\/li>\n\n\n\n<li>Safari: Preferences -&gt; Security. For more information, you can consult Apple Support or Browser Help.<\/li>\n<\/ul>","protected":false},"excerpt":{"rendered":"<p>What cookies are and why we use them on the Trucos.com websites A cookie is a file that is downloaded to the user&#039;s device when accessing certain web pages to store and retrieve information about the navigation carried out from said computer. Cookies allow said website, among other things, [\u2026]<\/p>","protected":false},"author":1,"featured_media":0,"parent":0,"menu_order":0,"comment_status":"closed","ping_status":"closed","template":"","meta":{"footnotes":""},"class_list":["post-55","page","type-page","status-publish","hentry"],"blocksy_meta":[],"yoast_head":"<!-- This site is optimized with the Yoast SEO plugin v25.2 - https:\/\/yoast.com\/wordpress\/plugins\/seo\/ -->\n<title>INFORMACI\u00d3N SOBRE COOKIES - Trucos.com<\/title>\n<meta name=\"robots\" content=\"index, follow, max-snippet:-1, max-image-preview:large, max-video-preview:-1\" \/>\n<link rel=\"canonical\" href=\"https:\/\/trucos.com\/en\/information-about-cookies\/\" \/>\n<meta property=\"og:locale\" content=\"en_GB\" \/>\n<meta property=\"og:type\" content=\"article\" \/>\n<meta property=\"og:title\" content=\"INFORMACI\u00d3N SOBRE COOKIES - Trucos.com\" \/>\n<meta property=\"og:description\" content=\"Qu\u00e9 son las cookies y por qu\u00e9 las utilizamos en las web Trucos.com Una cookie es un fichero que se descarga en el dispositivo del usuario al acceder a determinadas p\u00e1ginas web para almacenar y recuperar informaci\u00f3n sobre la navegaci\u00f3n que se efect\u00faa desde dicho equipo. Las cookies permiten a dicha web, entre otras cosas, [&hellip;]\" \/>\n<meta property=\"og:url\" content=\"https:\/\/trucos.com\/en\/information-about-cookies\/\" \/>\n<meta property=\"og:site_name\" content=\"Trucos.com\" \/>\n<meta property=\"article:publisher\" content=\"https:\/\/www.facebook.com\/trucoscom\/\" \/>\n<meta name=\"twitter:card\" content=\"summary_large_image\" \/>\n<meta name=\"twitter:label1\" content=\"Estimated reading time\" \/>\n\t<meta name=\"twitter:data1\" content=\"6 minutes\" \/>\n<!-- \/ Yoast SEO plugin. -->","yoast_head_json":{"title":"INFORMACI\u00d3N SOBRE COOKIES - Trucos.com","robots":{"index":"index","follow":"follow","max-snippet":"max-snippet:-1","max-image-preview":"max-image-preview:large","max-video-preview":"max-video-preview:-1"},"canonical":"https:\/\/trucos.com\/en\/information-about-cookies\/","og_locale":"en_GB","og_type":"article","og_title":"INFORMACI\u00d3N SOBRE COOKIES - Trucos.com","og_description":"Qu\u00e9 son las cookies y por qu\u00e9 las utilizamos en las web Trucos.com Una cookie es un fichero que se descarga en el dispositivo del usuario al acceder a determinadas p\u00e1ginas web para almacenar y recuperar informaci\u00f3n sobre la navegaci\u00f3n que se efect\u00faa desde dicho equipo. Las cookies permiten a dicha web, entre otras cosas, [&hellip;]","og_url":"https:\/\/trucos.com\/en\/information-about-cookies\/","og_site_name":"Trucos.com","article_publisher":"https:\/\/www.facebook.com\/trucoscom\/","twitter_card":"summary_large_image","twitter_misc":{"Estimated reading time":"6 minutes"},"schema":{"@context":"https:\/\/schema.org","@graph":[{"@type":"WebPage","@id":"https:\/\/trucos.com\/informacion-sobre-cookies\/","url":"https:\/\/trucos.com\/informacion-sobre-cookies\/","name":"INFORMACI\u00d3N SOBRE COOKIES - Trucos.com","isPartOf":{"@id":"https:\/\/trucos.com\/#website"},"datePublished":"2023-06-19T08:58:49+00:00","breadcrumb":{"@id":"https:\/\/trucos.com\/informacion-sobre-cookies\/#breadcrumb"},"inLanguage":"en-GB","potentialAction":[{"@type":"ReadAction","target":["https:\/\/trucos.com\/informacion-sobre-cookies\/"]}]},{"@type":"BreadcrumbList","@id":"https:\/\/trucos.com\/informacion-sobre-cookies\/#breadcrumb","itemListElement":[{"@type":"ListItem","position":1,"name":"Home","item":"https:\/\/trucos.com\/"},{"@type":"ListItem","position":2,"name":"INFORMACI\u00d3N SOBRE COOKIES"}]},{"@type":"WebSite","@id":"https:\/\/trucos.com\/#website","url":"https:\/\/trucos.com\/","name":"Trucos.com","description":"Los mejores trucos sobre videojuegos, tecnolog\u00eda y m\u00f3viles","publisher":{"@id":"https:\/\/trucos.com\/#organization"},"potentialAction":[{"@type":"SearchAction","target":{"@type":"EntryPoint","urlTemplate":"https:\/\/trucos.com\/?s={search_term_string}"},"query-input":{"@type":"PropertyValueSpecification","valueRequired":true,"valueName":"search_term_string"}}],"inLanguage":"en-GB"},{"@type":"Organization","@id":"https:\/\/trucos.com\/#organization","name":"Trucos.com","url":"https:\/\/trucos.com\/","logo":{"@type":"ImageObject","inLanguage":"en-GB","@id":"https:\/\/trucos.com\/#\/schema\/logo\/image\/","url":"https:\/\/trucos.com\/wp-content\/uploads\/2023\/06\/trucoscomlogo.png","contentUrl":"https:\/\/trucos.com\/wp-content\/uploads\/2023\/06\/trucoscomlogo.png","width":207,"height":68,"caption":"Trucos.com"},"image":{"@id":"https:\/\/trucos.com\/#\/schema\/logo\/image\/"},"sameAs":["https:\/\/www.facebook.com\/trucoscom\/"]}]}},"_links":{"self":[{"href":"https:\/\/trucos.com\/en\/wp-json\/wp\/v2\/pages\/55","targetHints":{"allow":["GET"]}}],"collection":[{"href":"https:\/\/trucos.com\/en\/wp-json\/wp\/v2\/pages"}],"about":[{"href":"https:\/\/trucos.com\/en\/wp-json\/wp\/v2\/types\/page"}],"author":[{"embeddable":true,"href":"https:\/\/trucos.com\/en\/wp-json\/wp\/v2\/users\/1"}],"replies":[{"embeddable":true,"href":"https:\/\/trucos.com\/en\/wp-json\/wp\/v2\/comments?post=55"}],"version-history":[{"count":1,"href":"https:\/\/trucos.com\/en\/wp-json\/wp\/v2\/pages\/55\/revisions"}],"predecessor-version":[{"id":56,"href":"https:\/\/trucos.com\/en\/wp-json\/wp\/v2\/pages\/55\/revisions\/56"}],"wp:attachment":[{"href":"https:\/\/trucos.com\/en\/wp-json\/wp\/v2\/media?parent=55"}],"curies":[{"name":"wp","href":"https:\/\/api.w.org\/{rel}","templated":true}]}}