{"id":52,"date":"2023-06-19T08:59:08","date_gmt":"2023-06-19T08:59:08","guid":{"rendered":"http:\/\/trucos.com\/?page_id=52"},"modified":"2023-06-19T08:59:08","modified_gmt":"2023-06-19T08:59:08","slug":"conditions-generales-dutilisation","status":"publish","type":"page","link":"https:\/\/trucos.com\/fr\/conditions-generales-dutilisation\/","title":{"rendered":"CONDITIONS GENERALES D&#039;UTILISATION"},"content":{"rendered":"<p><strong>DONN\u00c9ES D&#039;IDENTIFICATION\u00a0:<\/strong>&nbsp;Conform\u00e9ment au devoir d&#039;information contenu dans l&#039;article 10 de la loi 34\/2002 du 11 juillet sur les services de la soci\u00e9t\u00e9 de l&#039;information et du commerce \u00e9lectronique, les donn\u00e9es suivantes sont refl\u00e9t\u00e9es ci-dessous\u00a0: La soci\u00e9t\u00e9 propri\u00e9taire de tricks.com (ci-apr\u00e8s, le Site) est Comaviera Supplies SL, dont l&#039;adresse est C\/La Paloma 21-23, 5\u00ba, 1\u00aa, 08001 Barcelone, avec le num\u00e9ro CIF : B-64759350, inscrite au Registre du Commerce de Barcelone dans le volume 40 550, folio 153, page B- 367027 (ci-apr\u00e8s, FOURNITURES COMAVIERA).<\/p>\n\n\n\n<p>Formulaire de contact<\/p>\n\n\n\n<p><strong>UTILISATEURS:<\/strong>&nbsp;L&#039;acc\u00e8s et\/ou l&#039;utilisation des portails COMAVIERA SUPPLIES attribue la condition d&#039;UTILISATEUR, qui accepte, \u00e0 partir dudit acc\u00e8s et\/ou utilisation, les Conditions G\u00e9n\u00e9rales d&#039;Utilisation refl\u00e9t\u00e9es ici. Les Conditions susvis\u00e9es s\u2019appliqueront quelles que soient les Conditions G\u00e9n\u00e9rales du Contrat qui, le cas \u00e9ch\u00e9ant, sont obligatoires.<\/p>\n\n\n\n<p><strong>UTILISATION DU PORTAIL\u00a0:<\/strong>&nbsp;Le Site COMAVIERA SUPPLIES permet d&#039;acc\u00e9der \u00e0 une multitude d&#039;informations, de services, de programmes ou de donn\u00e9es (ci-apr\u00e8s, \u00ab les contenus \u00bb) sur Internet appartenant \u00e0 COMAVIERA SUPPLIES ou \u00e0 ses conc\u00e9dants de licence, auxquels l&#039;UTILISATEUR peut avoir acc\u00e8s. L&#039;UTILISATEUR assume la responsabilit\u00e9 de l&#039;utilisation du Site. Cette responsabilit\u00e9 s&#039;\u00e9tend \u00e0 l&#039;inscription n\u00e9cessaire pour acc\u00e9der \u00e0 certains services ou contenus. Lors de cette inscription, l&#039;UTILISATEUR sera responsable de fournir des informations v\u00e9ridiques et licites. \u00c0 la suite de cette inscription, l&#039;UTILISATEUR pourra se voir attribuer un mot de passe dont il sera responsable, s&#039;engageant \u00e0 en faire un usage diligent et confidentiel. L&#039;UTILISATEUR s&#039;engage \u00e0 faire un usage appropri\u00e9 des contenus et services (tels que services de chat, forums de discussion ou groupes de discussion) que COMAVIERA SUPPLIES propose \u00e0 travers son Site et, \u00e0 titre d&#039;exemple mais non limitatif, \u00e0 ne pas les utiliser. se livrer \u00e0 des activit\u00e9s illicites, ill\u00e9gales ou contraires \u00e0 la bonne foi et \u00e0 l&#039;ordre public\u00a0; (ii) diffuser des contenus ou de la propagande \u00e0 caract\u00e8re raciste, x\u00e9nophobe, pornographique-ill\u00e9gal, pr\u00f4nant le terrorisme ou violant les droits de l&#039;homme ; (iii) causer des dommages aux syst\u00e8mes physiques et logiques de COMAVIERA SUPPLIES, de ses fournisseurs ou de tiers, introduire ou propager des virus informatiques sur le r\u00e9seau ou tout autre syst\u00e8me physique ou logique susceptible de provoquer les dommages susmentionn\u00e9s ; (iv) tenter d&#039;acc\u00e9der et, le cas \u00e9ch\u00e9ant, d&#039;utiliser les comptes de messagerie d&#039;autres utilisateurs et de modifier ou manipuler leurs messages. COMAVIERA SUPPLIES se r\u00e9serve le droit de retirer tous les commentaires et contributions qui porteraient atteinte au respect de la dignit\u00e9 de la personne, qui seraient discriminatoires, x\u00e9nophobes, racistes, pornographiques, qui porteraient atteinte \u00e0 la jeunesse ou \u00e0 l&#039;enfance, \u00e0 l&#039;ordre ou \u00e0 la s\u00e9curit\u00e9 publique ou qui, \u00e0 leur avis, n&#039;\u00e9taient pas apte \u00e0 \u00eatre publi\u00e9. En aucun cas, COMAVIERA SUPPLIES ne sera responsable des opinions exprim\u00e9es par les utilisateurs via les forums, chats ou autres outils de participation.<\/p>\n\n\n\n<p><strong>PROTECTION DE DONN\u00c9ES:<\/strong>&nbsp;COMAVIERA SUPPLIES respecte les lignes directrices de la loi organique 15\/1999 du 13 d\u00e9cembre sur la protection des donn\u00e9es personnelles, du d\u00e9cret royal 1720\/2007 du 21 d\u00e9cembre, qui approuve le r\u00e8glement d&#039;\u00e9laboration de la loi organique et d&#039;autres r\u00e9glementations en vigueur. fois, et garantit l&#039;utilisation et le traitement corrects des donn\u00e9es personnelles de l&#039;utilisateur. \u00c0 cette fin, avec chaque formulaire de collecte de donn\u00e9es personnelles, dans les services que l&#039;UTILISATEUR pourra demander \u00e0 COMAVIERA SUPPLIES, il informera l&#039;UTILISATEUR de l&#039;existence et de l&#039;acceptation des conditions particuli\u00e8res de traitement de ses donn\u00e9es dans chaque cas, en l&#039;informant eux. de la responsabilit\u00e9 du fichier cr\u00e9\u00e9, de l&#039;adresse du responsable, de la possibilit\u00e9 d&#039;exercer ses droits d&#039;acc\u00e8s, de rectification, annulation ou opposition, de la finalit\u00e9 du traitement et des communications des donn\u00e9es \u00e0 des tiers, le cas \u00e9ch\u00e9ant. De m\u00eame, COMAVIERA SUPPLIES informe qu&#039;elle se conforme \u00e0 la loi 34\/2002 du 11 juillet sur les services de la soci\u00e9t\u00e9 de l&#039;information et du commerce \u00e9lectronique et demandera \u00e0 tout moment votre consentement au traitement de votre courrier \u00e9lectronique \u00e0 des fins commerciales.<\/p>\n\n\n\n<p><strong>POLITIQUE DE CONFIDENTIALIT\u00c9<\/strong><\/p>\n\n\n\n<p><strong>PROPRI\u00c9T\u00c9 INTELLECTUELLE ET INDUSTRIELLE :<\/strong>&nbsp;COMAVIERA SUPPLIES, seule ou en qualit\u00e9 de cessionnaire, est propri\u00e9taire de tous les droits de propri\u00e9t\u00e9 intellectuelle et industrielle de ses pages web, ainsi que des \u00e9l\u00e9ments qui y sont contenus (\u00e0 titre d&#039;exemple, images, sons, audio, vid\u00e9o, logiciels ou textes). ; marques) ou logos, combinaisons de couleurs, structure et design, s\u00e9lection des mat\u00e9riaux utilis\u00e9s, programmes informatiques n\u00e9cessaires \u00e0 son fonctionnement, acc\u00e8s et utilisation, etc.), propri\u00e9t\u00e9 de COMAVIERA SUPPLIES ou de ses conc\u00e9dants de licence. Tous droits r\u00e9serv\u00e9s. En vertu des dispositions des articles 8 et 32.1, deuxi\u00e8me alin\u00e9a, de la Loi sur la Propri\u00e9t\u00e9 Intellectuelle, la reproduction, la distribution et la communication publique, y compris le mode de mise \u00e0 disposition, de tout ou partie du contenu de ce site Web, \u00e0 des fins commerciales , sur tout support et par tout moyen technique, sans l&#039;autorisation de COMAVIERA SUPPLIES. L&#039;UTILISATEUR s&#039;engage \u00e0 respecter les droits de Propri\u00e9t\u00e9 Intellectuelle et Industrielle d\u00e9tenus par COMAVIERA SUPPLIES. Vous pouvez visualiser les \u00e9l\u00e9ments du Site et m\u00eame les imprimer, les copier et les stocker sur le disque dur de votre ordinateur ou sur tout autre support physique pour autant que ce soit, uniquement et exclusivement, pour votre usage personnel et priv\u00e9. L&#039;UTILISATEUR doit s&#039;abstenir de supprimer, alt\u00e9rer, \u00e9luder ou manipuler tout dispositif de protection ou syst\u00e8me de s\u00e9curit\u00e9 install\u00e9 sur les pages COMAVIERA SUPPLIES.<\/p>\n\n\n\n<p><strong>EXCLUSION DE GARANTIES ET DE RESPONSABILIT\u00c9 :<\/strong>&nbsp;COMAVIERA SUPPLIES n&#039;est en aucun cas responsable des dommages de toute nature qui pourraient \u00eatre caus\u00e9s, \u00e0 titre d&#039;exemple : erreurs ou omissions dans le contenu, manque de disponibilit\u00e9 du portail ou transmission de virus ou de programmes malveillants ou nuisibles dans le contenu, m\u00eame si nous avons adopt\u00e9 toutes les mesures technologiques n\u00e9cessaires pour l&#039;\u00e9viter.<\/p>\n\n\n\n<p><strong>MODIFICATIONS:<\/strong>&nbsp;COMAVIERA SUPPLIES se r\u00e9serve le droit d&#039;apporter, sans pr\u00e9avis, toutes modifications qu&#039;elle jugera appropri\u00e9es \u00e0 son Site, et pourra changer, supprimer ou ajouter tant le contenu et les services fournis par son interm\u00e9diaire que la mani\u00e8re dont ils sont pr\u00e9sent\u00e9s ou localis\u00e9s sur votre site. .<\/p>\n\n\n\n<p><strong>UTILISATION DES COOKIES :<\/strong>&nbsp;COMAVIERA SUPPLIES peut utiliser des cookies pour personnaliser et faciliter au maximum la navigation de l&#039;UTILISATEUR sur son Site. Les cookies sont associ\u00e9s uniquement \u00e0 un UTILISATEUR anonyme et \u00e0 son ordinateur et ne fournissent pas de r\u00e9f\u00e9rences permettant de d\u00e9duire les donn\u00e9es personnelles de l&#039;UTILISATEUR. L&#039;UTILISATEUR peut configurer son navigateur pour notifier et refuser l&#039;installation des cookies envoy\u00e9s par COMAVIERA SUPPLIES, sans affecter la capacit\u00e9 de l&#039;UTILISATEUR \u00e0 acc\u00e9der au Contenu.<\/p>\n\n\n\n<p><strong>LIENS:<\/strong>&nbsp;Dans le cas o\u00f9 le Site contiendrait des liens ou des hyperliens vers d&#039;autres sites Internet, COMAVIERA SUPPLIES n&#039;exercera aucun type de contr\u00f4le sur lesdits sites et contenus. En aucun cas COMAVIERA SUPPLIES n&#039;assumera aucune responsabilit\u00e9 quant au contenu de tout lien appartenant \u00e0 un site Web tiers, ni ne garantira la disponibilit\u00e9 technique, la qualit\u00e9, la fiabilit\u00e9, l&#039;exactitude, l&#039;\u00e9tendue, la v\u00e9racit\u00e9, la validit\u00e9 et la constitutionnalit\u00e9 de tout mat\u00e9riel ou information contenu dans l&#039;un de ces liens, hyperliens ou autres sites Internet. De m\u00eame, l&#039;inclusion de ces connexions externes n&#039;impliquera aucun type d&#039;association, fusion ou participation avec les entit\u00e9s connect\u00e9es.<\/p>\n\n\n\n<p><strong>DROIT D&#039;EXCLUSION\u00a0:<\/strong>&nbsp;COMAVIERA SUPPLIES se r\u00e9serve le droit de refuser ou de retirer l&#039;acc\u00e8s \u00e0 son Site et\/ou aux services propos\u00e9s sans pr\u00e9avis, \u00e0 sa propre demande ou \u00e0 celle d&#039;un tiers, aux utilisateurs qui ne respecteraient pas les pr\u00e9sentes Conditions G\u00e9n\u00e9rales d&#039;Utilisation.<\/p>\n\n\n\n<p><strong>G\u00c9N\u00c9RALIT\u00c9S\u00a0:<\/strong>&nbsp;COMAVIERA SUPPLIES poursuivra le non-respect des pr\u00e9sentes conditions ainsi que toute utilisation abusive de son Site en exer\u00e7ant toutes les actions civiles et p\u00e9nales susceptibles d&#039;\u00eatre applicables par la loi.<\/p>\n\n\n\n<p><strong>MODIFICATION DE CES CONDITIONS ET DUR\u00c9E :<\/strong>&nbsp;COMAVIERA SUPPLIES peut modifier \u00e0 tout moment les conditions d\u00e9termin\u00e9es ici, \u00e9tant d\u00fbment publi\u00e9es telles qu&#039;elles apparaissent ici. La validit\u00e9 des conditions susmentionn\u00e9es d\u00e9pendra de leur exposition et sera en vigueur jusqu&#039;\u00e0 ce qu&#039;elles soient modifi\u00e9es par d&#039;autres d\u00fbment publi\u00e9es.<\/p>","protected":false},"excerpt":{"rendered":"<p>DONN\u00c9ES D&#039;IDENTIFICATION\u00a0: Conform\u00e9ment au devoir d&#039;information contenu dans l&#039;article 10 de la loi 34\/2002 du 11 juillet sur les services de la soci\u00e9t\u00e9 de l&#039;information et du commerce \u00e9lectronique, sont refl\u00e9t\u00e9es ci-dessous les donn\u00e9es suivantes\u00a0: La soci\u00e9t\u00e9 propri\u00e9taire de Tricos.com (ci-apr\u00e8s, la Site) est Comaviera Supplies SL, dont l&#039;adresse est \u00e0 [\u2026]<\/p>","protected":false},"author":1,"featured_media":0,"parent":0,"menu_order":0,"comment_status":"closed","ping_status":"closed","template":"","meta":{"footnotes":""},"class_list":["post-52","page","type-page","status-publish","hentry"],"blocksy_meta":[],"yoast_head":"<!-- This site is optimized with the Yoast SEO plugin v25.2 - https:\/\/yoast.com\/wordpress\/plugins\/seo\/ -->\n<title>CONDICIONES GENERALES DE USO - Trucos.com<\/title>\n<meta name=\"robots\" content=\"index, follow, max-snippet:-1, max-image-preview:large, max-video-preview:-1\" \/>\n<link rel=\"canonical\" href=\"https:\/\/trucos.com\/fr\/conditions-generales-dutilisation\/\" \/>\n<meta property=\"og:locale\" content=\"fr_FR\" \/>\n<meta property=\"og:type\" content=\"article\" \/>\n<meta property=\"og:title\" content=\"CONDICIONES GENERALES DE USO - Trucos.com\" \/>\n<meta property=\"og:description\" content=\"DATOS IDENTIFICATIVOS:&nbsp;En cumplimiento con el deber de informaci\u00f3n recogido en art\u00edculo 10 de la Ley 34\/2002, de 11 de julio, de Servicios de la Sociedad de la Informaci\u00f3n y de Comercio Electr\u00f3nico, a continuaci\u00f3n se reflejan los siguientes datos: La empresa titular de trucos.com (en adelante, el Site) es Comaviera Supplies S.L, con domicilio en [&hellip;]\" \/>\n<meta property=\"og:url\" content=\"https:\/\/trucos.com\/fr\/conditions-generales-dutilisation\/\" \/>\n<meta property=\"og:site_name\" content=\"Trucos.com\" \/>\n<meta property=\"article:publisher\" content=\"https:\/\/www.facebook.com\/trucoscom\/\" \/>\n<meta name=\"twitter:card\" content=\"summary_large_image\" \/>\n<meta name=\"twitter:label1\" content=\"Dur\u00e9e de lecture estim\u00e9e\" \/>\n\t<meta name=\"twitter:data1\" content=\"7 minutes\" \/>\n<!-- \/ Yoast SEO plugin. -->","yoast_head_json":{"title":"CONDICIONES GENERALES DE USO - Trucos.com","robots":{"index":"index","follow":"follow","max-snippet":"max-snippet:-1","max-image-preview":"max-image-preview:large","max-video-preview":"max-video-preview:-1"},"canonical":"https:\/\/trucos.com\/fr\/conditions-generales-dutilisation\/","og_locale":"fr_FR","og_type":"article","og_title":"CONDICIONES GENERALES DE USO - Trucos.com","og_description":"DATOS IDENTIFICATIVOS:&nbsp;En cumplimiento con el deber de informaci\u00f3n recogido en art\u00edculo 10 de la Ley 34\/2002, de 11 de julio, de Servicios de la Sociedad de la Informaci\u00f3n y de Comercio Electr\u00f3nico, a continuaci\u00f3n se reflejan los siguientes datos: La empresa titular de trucos.com (en adelante, el Site) es Comaviera Supplies S.L, con domicilio en [&hellip;]","og_url":"https:\/\/trucos.com\/fr\/conditions-generales-dutilisation\/","og_site_name":"Trucos.com","article_publisher":"https:\/\/www.facebook.com\/trucoscom\/","twitter_card":"summary_large_image","twitter_misc":{"Dur\u00e9e de lecture estim\u00e9e":"7 minutes"},"schema":{"@context":"https:\/\/schema.org","@graph":[{"@type":"WebPage","@id":"https:\/\/trucos.com\/condiciones-generales-de-uso\/","url":"https:\/\/trucos.com\/condiciones-generales-de-uso\/","name":"CONDICIONES GENERALES DE USO - Trucos.com","isPartOf":{"@id":"https:\/\/trucos.com\/#website"},"datePublished":"2023-06-19T08:59:08+00:00","breadcrumb":{"@id":"https:\/\/trucos.com\/condiciones-generales-de-uso\/#breadcrumb"},"inLanguage":"fr-FR","potentialAction":[{"@type":"ReadAction","target":["https:\/\/trucos.com\/condiciones-generales-de-uso\/"]}]},{"@type":"BreadcrumbList","@id":"https:\/\/trucos.com\/condiciones-generales-de-uso\/#breadcrumb","itemListElement":[{"@type":"ListItem","position":1,"name":"Home","item":"https:\/\/trucos.com\/"},{"@type":"ListItem","position":2,"name":"CONDICIONES GENERALES DE USO"}]},{"@type":"WebSite","@id":"https:\/\/trucos.com\/#website","url":"https:\/\/trucos.com\/","name":"Trucos.com","description":"Los mejores trucos sobre videojuegos, tecnolog\u00eda y m\u00f3viles","publisher":{"@id":"https:\/\/trucos.com\/#organization"},"potentialAction":[{"@type":"SearchAction","target":{"@type":"EntryPoint","urlTemplate":"https:\/\/trucos.com\/?s={search_term_string}"},"query-input":{"@type":"PropertyValueSpecification","valueRequired":true,"valueName":"search_term_string"}}],"inLanguage":"fr-FR"},{"@type":"Organization","@id":"https:\/\/trucos.com\/#organization","name":"Trucos.com","url":"https:\/\/trucos.com\/","logo":{"@type":"ImageObject","inLanguage":"fr-FR","@id":"https:\/\/trucos.com\/#\/schema\/logo\/image\/","url":"https:\/\/trucos.com\/wp-content\/uploads\/2023\/06\/trucoscomlogo.png","contentUrl":"https:\/\/trucos.com\/wp-content\/uploads\/2023\/06\/trucoscomlogo.png","width":207,"height":68,"caption":"Trucos.com"},"image":{"@id":"https:\/\/trucos.com\/#\/schema\/logo\/image\/"},"sameAs":["https:\/\/www.facebook.com\/trucoscom\/"]}]}},"_links":{"self":[{"href":"https:\/\/trucos.com\/fr\/wp-json\/wp\/v2\/pages\/52","targetHints":{"allow":["GET"]}}],"collection":[{"href":"https:\/\/trucos.com\/fr\/wp-json\/wp\/v2\/pages"}],"about":[{"href":"https:\/\/trucos.com\/fr\/wp-json\/wp\/v2\/types\/page"}],"author":[{"embeddable":true,"href":"https:\/\/trucos.com\/fr\/wp-json\/wp\/v2\/users\/1"}],"replies":[{"embeddable":true,"href":"https:\/\/trucos.com\/fr\/wp-json\/wp\/v2\/comments?post=52"}],"version-history":[{"count":1,"href":"https:\/\/trucos.com\/fr\/wp-json\/wp\/v2\/pages\/52\/revisions"}],"predecessor-version":[{"id":54,"href":"https:\/\/trucos.com\/fr\/wp-json\/wp\/v2\/pages\/52\/revisions\/54"}],"wp:attachment":[{"href":"https:\/\/trucos.com\/fr\/wp-json\/wp\/v2\/media?parent=52"}],"curies":[{"name":"wp","href":"https:\/\/api.w.org\/{rel}","templated":true}]}}