{"id":55,"date":"2023-06-19T08:58:49","date_gmt":"2023-06-19T08:58:49","guid":{"rendered":"http:\/\/trucos.com\/?page_id=55"},"modified":"2023-06-19T08:58:49","modified_gmt":"2023-06-19T08:58:49","slug":"informations-sur-les-cookies","status":"publish","type":"page","link":"https:\/\/trucos.com\/fr\/informations-sur-les-cookies\/","title":{"rendered":"INFORMATIONS SUR LES COOKIES"},"content":{"rendered":"<h1 class=\"wp-block-heading\">Que sont les cookies et pourquoi les utilisons-nous sur le site Trucos.com ?<\/h1>\n\n\n\n<p>Un cookie est un fichier qui est t\u00e9l\u00e9charg\u00e9 sur l&#039;appareil de l&#039;utilisateur lors de l&#039;acc\u00e8s \u00e0 certaines pages Web pour stocker et r\u00e9cup\u00e9rer des informations sur la navigation effectu\u00e9e depuis ledit ordinateur.<\/p>\n\n\n\n<p>Les cookies permettent, entre autres, \u00e0 ce site Web de stocker et de r\u00e9cup\u00e9rer des informations sur les d\u00e9cisions et les habitudes de l&#039;utilisateur. Chez Trucos.com, nous les utilisons pour personnaliser l&#039;exp\u00e9rience sur nos sites Web, identifier et m\u00e9moriser l&#039;utilisateur enregistr\u00e9 et faciliter la navigation.<\/p>\n\n\n\n<p>Il est important de souligner que l&#039;utilisation de cookies ne fournit pas de donn\u00e9es personnelles sur l&#039;utilisateur, qui reste anonyme pour Trucos.com.<\/p>\n\n\n\n<p>L&#039;utilisateur peut configurer son navigateur pour ne pas accepter l&#039;utilisation de cookies, auquel cas la personnalisation de l&#039;exp\u00e9rience ne s&#039;appliquerait pas bien qu&#039;il puisse toujours acc\u00e9der normalement au contenu de nos sites Web.<\/p>\n\n\n\n<p>Sur la page Wikip\u00e9dia (<a href=\"http:\/\/es.wikipedia.org\/wiki\/Cookie_(inform%C3%A1tica)\">http:\/\/es.wikipedia.org\/wiki\/Cookie_(informatique)<\/a>), il est possible d&#039;obtenir plus d&#039;informations sur ce que sont les cookies et comment ils fonctionnent.<\/p>\n\n\n\n<h2 class=\"wp-block-heading\">Quel type de cookies les sites Trucos.com utilisent-ils ?<\/h2>\n\n\n\n<p>Les cookies, en fonction de leur permanence, peuvent \u00eatre divis\u00e9s en cookies de session ou permanents. Les premiers expirent lorsque l&#039;utilisateur ferme le navigateur. Ces derniers expirent en fonction du moment o\u00f9 la finalit\u00e9 pour laquelle ils servent est remplie (par exemple, pour que l&#039;utilisateur reste identifi\u00e9 sur les sites et services Trucos.com) ou lorsqu&#039;ils sont supprim\u00e9s manuellement.<\/p>\n\n\n\n<p>De plus, en fonction de leur finalit\u00e9, les Cookies peuvent \u00eatre class\u00e9s comme suit :<\/p>\n\n\n\n<p><strong>Cookies de performances\u00a0:<\/strong>&nbsp;Ce type de Cookie m\u00e9morise vos pr\u00e9f\u00e9rences pour les outils trouv\u00e9s sur les services, vous n&#039;avez donc pas besoin de reconfigurer le service \u00e0 chaque visite. A titre d&#039;exemple, cette typologie comprend :<\/p>\n\n\n\n<ul class=\"wp-block-list\">\n<li>R\u00e9glages du volume pour les lecteurs vid\u00e9o ou audio.<\/li>\n\n\n\n<li>Les vitesses de transmission vid\u00e9o prises en charge par votre navigateur.<\/li>\n<\/ul>\n\n\n\n<p><strong>Cookies de g\u00e9olocalisation :<\/strong>&nbsp;Ces cookies sont utilis\u00e9s pour savoir dans quel pays vous vous trouvez lorsque vous demandez un site Web ou un service. Ce cookie est totalement anonyme et n&#039;est utilis\u00e9 que pour aider \u00e0 cibler le contenu en fonction de votre emplacement.<\/p>\n\n\n\n<p><strong>Cookies d&#039;inscription\u00a0:<\/strong>&nbsp;Les Cookies d&#039;inscription sont g\u00e9n\u00e9r\u00e9s une fois que l&#039;Utilisateur s&#039;est inscrit ou a ouvert ult\u00e9rieurement sa session, et servent \u00e0 l&#039;identifier sur les sites Internet et services avec les objectifs suivants :<\/p>\n\n\n\n<ul class=\"wp-block-list\">\n<li>Gardez l&#039;utilisateur identifi\u00e9 afin que, s&#039;il ferme un service ou un site Web, le navigateur ou l&#039;ordinateur et qu&#039;\u00e0 un autre moment ou un autre jour, il acc\u00e8de \u00e0 nouveau audit service ou site Web, il continuera \u00e0 \u00eatre identifi\u00e9, facilitant ainsi sa navigation sans avoir \u00e0 le faire. s&#039;identifier \u00e0 nouveau. Cette fonctionnalit\u00e9 peut \u00eatre supprim\u00e9e si l&#039;utilisateur clique sur la fonctionnalit\u00e9 \u00ab\u00a0Quitter\u00a0\u00bb, de sorte que ce cookie soit supprim\u00e9 et la prochaine fois que l&#039;utilisateur entrera sur le site Web, il devra se connecter pour \u00eatre identifi\u00e9.<\/li>\n\n\n\n<li>V\u00e9rifiez si l&#039;utilisateur est autoris\u00e9 \u00e0 acc\u00e9der \u00e0 certains services, par exemple pour participer \u00e0 un concours.<\/li>\n\n\n\n<li>De plus, certains services peuvent utiliser des connecteurs tiers tels que Facebook, Twitter ou Google. Lorsque l&#039;utilisateur s&#039;inscrit \u00e0 un service avec les identifiants d&#039;un r\u00e9seau social ou d&#039;un syst\u00e8me d&#039;identification tiers, il autorise l&#039;enregistrement d&#039;un cookie persistant qui m\u00e9morise son identit\u00e9 et garantit l&#039;acc\u00e8s au site Web jusqu&#039;\u00e0 son expiration. L&#039;utilisateur peut supprimer ce cookie et r\u00e9voquer l&#039;acc\u00e8s au site via les r\u00e9seaux sociaux ou les syst\u00e8mes d&#039;identification tiers en mettant \u00e0 jour ses pr\u00e9f\u00e9rences sur le r\u00e9seau social sp\u00e9cifique.<\/li>\n<\/ul>\n\n\n\n<p><strong>Cookies d&#039;analyse\u00a0:<\/strong>\u00a0Chaque fois qu&#039;un utilisateur visite un site Web ou un service, un outil d&#039;un fournisseur externe (Google Analytics, comScore et similaire) g\u00e9n\u00e8re un cookie analytique sur l&#039;appareil de l&#039;utilisateur. Ce cookie, g\u00e9n\u00e9r\u00e9 uniquement lors de la visite, sera utilis\u00e9 lors de vos prochaines visites sur les services Trucos.com pour identifier le visiteur de mani\u00e8re anonyme. Les principaux objectifs poursuivis sont :<\/p>\n\n\n\n<ul class=\"wp-block-list\">\n<li>Permettre l&#039;identification anonyme des utilisateurs naviguant gr\u00e2ce au \u00ab Cookie \u00bb (identifie les navigateurs et les appareils, pas les personnes) et donc la comptabilisation approximative du nombre de visiteurs et de leur \u00e9volution dans le temps.<\/li>\n\n\n\n<li>Identifier de mani\u00e8re anonyme les contenus les plus visit\u00e9s et donc les plus attractifs pour les utilisateurs<\/li>\n\n\n\n<li>Sachez si l&#039;utilisateur qui acc\u00e8de est nouveau ou s&#039;il visite r\u00e9guli\u00e8rement.<\/li>\n<\/ul>\n\n\n\n<p><em>Important:<\/em>\u00a0Sauf si l&#039;Utilisateur d\u00e9cide de s&#039;inscrire sur un site Trucos.com, le cookie ne sera jamais associ\u00e9 \u00e0 des donn\u00e9es personnelles permettant de l&#039;identifier. Ces cookies ne seront utilis\u00e9s qu&#039;\u00e0 des fins statistiques permettant d&#039;optimiser l&#039;exp\u00e9rience utilisateur sur le site.<\/p>\n\n\n\n<p>Plus d\u2019informations sur la politique de confidentialit\u00e9 de ces outils d\u2019analyse sur\u00a0:&nbsp;<a href=\"https:\/\/www.google.es\/policies\/privacy\">Google Analytics<\/a>&nbsp;et&nbsp;<a href=\"https:\/\/www.comscore.com\/esl\/Sobre-comScore\/Politica-de-privacidad?cs_edgescape_cc=ES\">comscore<\/a>.<\/p>\n\n\n\n<p><strong>Cookies publicitaires :<\/strong>\u00a0Ces types de cookies nous permettent d&#039;\u00e9largir les informations des publicit\u00e9s pr\u00e9sent\u00e9es \u00e0 chaque utilisateur anonyme sur les sites Web Trucos.com. Entre autres, la dur\u00e9e ou la fr\u00e9quence de visualisation des positions publicitaires, l&#039;interaction avec celles-ci ou les mod\u00e8les et\/ou comportements de navigation de l&#039;utilisateur sont stock\u00e9s car ils contribuent \u00e0 cr\u00e9er un profil d&#039;int\u00e9r\u00eat publicitaire. De cette mani\u00e8re, ils nous permettent de proposer des publicit\u00e9s li\u00e9es aux int\u00e9r\u00eats de l\u2019utilisateur.<\/p>\n\n\n\n<p>Pour g\u00e9rer la publicit\u00e9 Trucos.com, des outils de services de publicit\u00e9 tiers (Adservers \u2013 http:\/\/es.wikipedia.org\/wiki\/Adserver) sont utilis\u00e9s. Ces tiers peuvent stocker des cookies envoy\u00e9s depuis les sites Trucos.com \u00e0 partir des navigateurs des utilisateurs, ainsi qu&#039;acc\u00e9der aux donn\u00e9es qui y sont stock\u00e9es.<\/p>\n\n\n\n<p>Les soci\u00e9t\u00e9s qui g\u00e9n\u00e8rent ces Cookies ont leurs propres politiques de confidentialit\u00e9.<\/p>\n\n\n\n<p>Actuellement, Trucos.com utilise la plateforme Doubleclick de Google pour g\u00e9rer ces services. Pour plus d&#039;informations, rendez-vous sur\u00a0<a href=\"https:\/\/www.google.es\/policies\/privacy\/\">https:\/\/www.google.es\/policies\/privacy\/<\/a>.<\/p>\n\n\n\n<h2 class=\"wp-block-heading\">Comment d\u00e9sactiver les cookies dans le navigateur<\/h2>\n\n\n\n<p>La plupart des navigateurs permettent actuellement \u00e0 l&#039;utilisateur de configurer si et quels cookies il souhaite accepter. Ces param\u00e8tres se trouvent g\u00e9n\u00e9ralement dans le menu \u00ab Options \u00bb ou \u00ab Pr\u00e9f\u00e9rences \u00bb de votre navigateur.<\/p>\n\n\n\n<p>Voici les instructions pour configurer les cookies dans les principaux navigateurs :<\/p>\n\n\n\n<ul class=\"wp-block-list\">\n<li>Chrome\u00a0:\u00a0Param\u00e8tres -&gt; Afficher les options avanc\u00e9es -&gt; Confidentialit\u00e9 -&gt; Param\u00e8tres de contenu. Pour plus d&#039;informations, vous pouvez consulter le support Google ou l&#039;aide du navigateur.<\/li>\n\n\n\n<li>Firefox : Outils -&gt; Options -&gt; Confidentialit\u00e9 -&gt; Historique -&gt; Param\u00e8tres personnalis\u00e9s. Pour plus d&#039;informations, vous pouvez consulter le support Mozilla ou l&#039;aide du navigateur.<\/li>\n\n\n\n<li>Edge\/Internet Explorer\u00a0: Outils -&gt; Options Internet -&gt; Confidentialit\u00e9 -&gt; Param\u00e8tres. Pour plus d&#039;informations, vous pouvez consulter le support Microsoft ou l&#039;aide du navigateur.<\/li>\n\n\n\n<li>Safari : Pr\u00e9f\u00e9rences -&gt; S\u00e9curit\u00e9. Pour plus d&#039;informations, vous pouvez consulter l&#039;assistance Apple ou l&#039;aide du navigateur.<\/li>\n<\/ul>","protected":false},"excerpt":{"rendered":"<p>Que sont les cookies et pourquoi nous les utilisons sur les sites Trucos.com Un cookie est un fichier qui est t\u00e9l\u00e9charg\u00e9 sur l&#039;appareil de l&#039;utilisateur lors de l&#039;acc\u00e8s \u00e0 certaines pages Web pour stocker et r\u00e9cup\u00e9rer des informations sur la navigation effectu\u00e9e \u00e0 partir dudit ordinateur. Les cookies permettent, entre autres, audit site Internet de [\u2026]<\/p>","protected":false},"author":1,"featured_media":0,"parent":0,"menu_order":0,"comment_status":"closed","ping_status":"closed","template":"","meta":{"footnotes":""},"class_list":["post-55","page","type-page","status-publish","hentry"],"blocksy_meta":[],"yoast_head":"<!-- This site is optimized with the Yoast SEO plugin v25.2 - https:\/\/yoast.com\/wordpress\/plugins\/seo\/ -->\n<title>INFORMACI\u00d3N SOBRE COOKIES - Trucos.com<\/title>\n<meta name=\"robots\" content=\"index, follow, max-snippet:-1, max-image-preview:large, max-video-preview:-1\" \/>\n<link rel=\"canonical\" href=\"https:\/\/trucos.com\/fr\/informations-sur-les-cookies\/\" \/>\n<meta property=\"og:locale\" content=\"fr_FR\" \/>\n<meta property=\"og:type\" content=\"article\" \/>\n<meta property=\"og:title\" content=\"INFORMACI\u00d3N SOBRE COOKIES - Trucos.com\" \/>\n<meta property=\"og:description\" content=\"Qu\u00e9 son las cookies y por qu\u00e9 las utilizamos en las web Trucos.com Una cookie es un fichero que se descarga en el dispositivo del usuario al acceder a determinadas p\u00e1ginas web para almacenar y recuperar informaci\u00f3n sobre la navegaci\u00f3n que se efect\u00faa desde dicho equipo. Las cookies permiten a dicha web, entre otras cosas, [&hellip;]\" \/>\n<meta property=\"og:url\" content=\"https:\/\/trucos.com\/fr\/informations-sur-les-cookies\/\" \/>\n<meta property=\"og:site_name\" content=\"Trucos.com\" \/>\n<meta property=\"article:publisher\" content=\"https:\/\/www.facebook.com\/trucoscom\/\" \/>\n<meta name=\"twitter:card\" content=\"summary_large_image\" \/>\n<meta name=\"twitter:label1\" content=\"Dur\u00e9e de lecture estim\u00e9e\" \/>\n\t<meta name=\"twitter:data1\" content=\"6 minutes\" \/>\n<!-- \/ Yoast SEO plugin. -->","yoast_head_json":{"title":"INFORMACI\u00d3N SOBRE COOKIES - Trucos.com","robots":{"index":"index","follow":"follow","max-snippet":"max-snippet:-1","max-image-preview":"max-image-preview:large","max-video-preview":"max-video-preview:-1"},"canonical":"https:\/\/trucos.com\/fr\/informations-sur-les-cookies\/","og_locale":"fr_FR","og_type":"article","og_title":"INFORMACI\u00d3N SOBRE COOKIES - Trucos.com","og_description":"Qu\u00e9 son las cookies y por qu\u00e9 las utilizamos en las web Trucos.com Una cookie es un fichero que se descarga en el dispositivo del usuario al acceder a determinadas p\u00e1ginas web para almacenar y recuperar informaci\u00f3n sobre la navegaci\u00f3n que se efect\u00faa desde dicho equipo. Las cookies permiten a dicha web, entre otras cosas, [&hellip;]","og_url":"https:\/\/trucos.com\/fr\/informations-sur-les-cookies\/","og_site_name":"Trucos.com","article_publisher":"https:\/\/www.facebook.com\/trucoscom\/","twitter_card":"summary_large_image","twitter_misc":{"Dur\u00e9e de lecture estim\u00e9e":"6 minutes"},"schema":{"@context":"https:\/\/schema.org","@graph":[{"@type":"WebPage","@id":"https:\/\/trucos.com\/informacion-sobre-cookies\/","url":"https:\/\/trucos.com\/informacion-sobre-cookies\/","name":"INFORMACI\u00d3N SOBRE COOKIES - Trucos.com","isPartOf":{"@id":"https:\/\/trucos.com\/#website"},"datePublished":"2023-06-19T08:58:49+00:00","breadcrumb":{"@id":"https:\/\/trucos.com\/informacion-sobre-cookies\/#breadcrumb"},"inLanguage":"fr-FR","potentialAction":[{"@type":"ReadAction","target":["https:\/\/trucos.com\/informacion-sobre-cookies\/"]}]},{"@type":"BreadcrumbList","@id":"https:\/\/trucos.com\/informacion-sobre-cookies\/#breadcrumb","itemListElement":[{"@type":"ListItem","position":1,"name":"Home","item":"https:\/\/trucos.com\/"},{"@type":"ListItem","position":2,"name":"INFORMACI\u00d3N SOBRE COOKIES"}]},{"@type":"WebSite","@id":"https:\/\/trucos.com\/#website","url":"https:\/\/trucos.com\/","name":"Trucos.com","description":"Los mejores trucos sobre videojuegos, tecnolog\u00eda y m\u00f3viles","publisher":{"@id":"https:\/\/trucos.com\/#organization"},"potentialAction":[{"@type":"SearchAction","target":{"@type":"EntryPoint","urlTemplate":"https:\/\/trucos.com\/?s={search_term_string}"},"query-input":{"@type":"PropertyValueSpecification","valueRequired":true,"valueName":"search_term_string"}}],"inLanguage":"fr-FR"},{"@type":"Organization","@id":"https:\/\/trucos.com\/#organization","name":"Trucos.com","url":"https:\/\/trucos.com\/","logo":{"@type":"ImageObject","inLanguage":"fr-FR","@id":"https:\/\/trucos.com\/#\/schema\/logo\/image\/","url":"https:\/\/trucos.com\/wp-content\/uploads\/2023\/06\/trucoscomlogo.png","contentUrl":"https:\/\/trucos.com\/wp-content\/uploads\/2023\/06\/trucoscomlogo.png","width":207,"height":68,"caption":"Trucos.com"},"image":{"@id":"https:\/\/trucos.com\/#\/schema\/logo\/image\/"},"sameAs":["https:\/\/www.facebook.com\/trucoscom\/"]}]}},"_links":{"self":[{"href":"https:\/\/trucos.com\/fr\/wp-json\/wp\/v2\/pages\/55","targetHints":{"allow":["GET"]}}],"collection":[{"href":"https:\/\/trucos.com\/fr\/wp-json\/wp\/v2\/pages"}],"about":[{"href":"https:\/\/trucos.com\/fr\/wp-json\/wp\/v2\/types\/page"}],"author":[{"embeddable":true,"href":"https:\/\/trucos.com\/fr\/wp-json\/wp\/v2\/users\/1"}],"replies":[{"embeddable":true,"href":"https:\/\/trucos.com\/fr\/wp-json\/wp\/v2\/comments?post=55"}],"version-history":[{"count":1,"href":"https:\/\/trucos.com\/fr\/wp-json\/wp\/v2\/pages\/55\/revisions"}],"predecessor-version":[{"id":56,"href":"https:\/\/trucos.com\/fr\/wp-json\/wp\/v2\/pages\/55\/revisions\/56"}],"wp:attachment":[{"href":"https:\/\/trucos.com\/fr\/wp-json\/wp\/v2\/media?parent=55"}],"curies":[{"name":"wp","href":"https:\/\/api.w.org\/{rel}","templated":true}]}}